{"id":51,"date":"2025-01-31T13:44:02","date_gmt":"2025-01-31T13:44:02","guid":{"rendered":"https:\/\/hoelaatwordthetdonker.nl\/?page_id=51"},"modified":"2025-01-31T13:44:04","modified_gmt":"2025-01-31T13:44:04","slug":"contact","status":"publish","type":"page","link":"https:\/\/hoelaatwordthetdonker.nl\/ro\/contact\/","title":{"rendered":"Contact"},"content":{"rendered":"<p>Bine a\u021bi venit la <strong>La ce or\u0103 se \u00eentunec\u0103<\/strong>. Suntem aici pentru a v\u0103 r\u0103spunde la \u00eentreb\u0103ri \u0219i a v\u0103 sprijini. Ave\u021bi comentarii, sugestii sau \u00eentreb\u0103ri despre articolele \u0219i produsele noastre? Nu ezita\u021bi s\u0103 ne contacta\u021bi folosind datele de contact de mai jos.<\/p>\n<h2>E-mail<\/h2>\n<p>V\u0103 rug\u0103m s\u0103 trimite\u021bi \u00eentreb\u0103rile sau sugestiile dumneavoastr\u0103 prin e-mail la <a href=\"mailto:info@hoelaatwordthetdonker.nl\">info@hoelaatwordthetdonker.nl<\/a>. Ne propunem s\u0103 r\u0103spundem \u00een termen de o zi lucr\u0103toare.<\/p>\n<h2>Formular de feedback<\/h2>\n<p>Dori\u021bi s\u0103 ne contacta\u021bi direct? V\u0103 rug\u0103m s\u0103 completa\u021bi formularul de mai jos \u0219i v\u0103 vom contacta c\u00e2t mai cur\u00e2nd posibil.<\/p>\n<form action=\"\/ro\/verzenden\/\" method=\"post\" data-trp-original-action=\"\/verzenden\"><label for=\"naam\">Nume:<\/label><br \/>\n<input id=\"naam\" name=\"naam\" required=\"\" type=\"text\" \/><label for=\"email\">E-mail:<\/label><br \/>\n<input id=\"email\" name=\"email\" required=\"\" type=\"email\" \/><\/p>\n<p><label for=\"onderwerp\">Subiect:<\/label><br \/>\n<input id=\"onderwerp\" name=\"onderwerp\" required=\"\" type=\"text\" \/><\/p>\n<p><label for=\"bericht\">Mesaj:<\/label><br \/>\n<textarea id=\"bericht\" name=\"bericht\" required=\"\" rows=\"5\"><\/textarea><\/p>\n<p><button type=\"submit\">Trimite<\/button><\/p>\n<input type=\"hidden\" name=\"trp-form-language\" value=\"ro\"\/><\/form>","protected":false},"excerpt":{"rendered":"<p>Welkom bij HoelaatWordtHetDonker. Wij zijn er om jouw vragen te beantwoorden en je te ondersteunen. Heb je opmerkingen, suggesties of vragen over onze artikelen en producten? Aarzel niet om contact met ons op te nemen via de onderstaande contactgegevens. E-mail Stuur je vragen of suggesties per e-mail naar info@hoelaatwordthetdonker.nl. We streven ernaar om binnen \u00e9\u00e9n [&hellip;]<\/p>","protected":false},"author":1,"featured_media":0,"parent":0,"menu_order":0,"comment_status":"closed","ping_status":"closed","template":"","meta":{"_acf_changed":false,"footnotes":""},"class_list":["post-51","page","type-page","status-publish","hentry"],"acf":[],"yoast_head":"<!-- This site is optimized with the Yoast SEO plugin v23.2 - https:\/\/yoast.com\/wordpress\/plugins\/seo\/ -->\n<title>Contact - hoelaatwordthetdonker.nl<\/title>\n<meta name=\"robots\" content=\"index, follow, max-snippet:-1, max-image-preview:large, max-video-preview:-1\" \/>\n<link rel=\"canonical\" href=\"https:\/\/hoelaatwordthetdonker.nl\/ro\/contact\/\" \/>\n<meta property=\"og:locale\" content=\"ro_RO\" \/>\n<meta property=\"og:type\" content=\"article\" \/>\n<meta property=\"og:title\" content=\"Contact - hoelaatwordthetdonker.nl\" \/>\n<meta property=\"og:description\" content=\"Welkom bij HoelaatWordtHetDonker. Wij zijn er om jouw vragen te beantwoorden en je te ondersteunen. Heb je opmerkingen, suggesties of vragen over onze artikelen en producten? Aarzel niet om contact met ons op te nemen via de onderstaande contactgegevens. E-mail Stuur je vragen of suggesties per e-mail naar info@hoelaatwordthetdonker.nl. We streven ernaar om binnen \u00e9\u00e9n [&hellip;]\" \/>\n<meta property=\"og:url\" content=\"https:\/\/hoelaatwordthetdonker.nl\/ro\/contact\/\" \/>\n<meta property=\"og:site_name\" content=\"hoelaatwordthetdonker.nl\" \/>\n<meta property=\"article:modified_time\" content=\"2025-01-31T13:44:04+00:00\" \/>\n<meta name=\"twitter:card\" content=\"summary_large_image\" \/>\n<meta name=\"twitter:label1\" content=\"Timp estimat pentru citire\" \/>\n\t<meta name=\"twitter:data1\" content=\"1 minut\" \/>\n<script type=\"application\/ld+json\" class=\"yoast-schema-graph\">{\"@context\":\"https:\/\/schema.org\",\"@graph\":[{\"@type\":\"WebPage\",\"@id\":\"https:\/\/hoelaatwordthetdonker.nl\/contact\/\",\"url\":\"https:\/\/hoelaatwordthetdonker.nl\/contact\/\",\"name\":\"Contact - hoelaatwordthetdonker.nl\",\"isPartOf\":{\"@id\":\"https:\/\/hoelaatwordthetdonker.nl\/#website\"},\"datePublished\":\"2025-01-31T13:44:02+00:00\",\"dateModified\":\"2025-01-31T13:44:04+00:00\",\"breadcrumb\":{\"@id\":\"https:\/\/hoelaatwordthetdonker.nl\/contact\/#breadcrumb\"},\"inLanguage\":\"ro-RO\",\"potentialAction\":[{\"@type\":\"ReadAction\",\"target\":[\"https:\/\/hoelaatwordthetdonker.nl\/contact\/\"]}]},{\"@type\":\"BreadcrumbList\",\"@id\":\"https:\/\/hoelaatwordthetdonker.nl\/contact\/#breadcrumb\",\"itemListElement\":[{\"@type\":\"ListItem\",\"position\":1,\"name\":\"Home\",\"item\":\"https:\/\/hoelaatwordthetdonker.nl\/\"},{\"@type\":\"ListItem\",\"position\":2,\"name\":\"Contact\"}]},{\"@type\":\"WebSite\",\"@id\":\"https:\/\/hoelaatwordthetdonker.nl\/#website\",\"url\":\"https:\/\/hoelaatwordthetdonker.nl\/\",\"name\":\"hoelaatwordthetdonker.nl\",\"description\":\"Ontdek trends, stijltips en kledingadvies voor elke gelegenheid\",\"potentialAction\":[{\"@type\":\"SearchAction\",\"target\":{\"@type\":\"EntryPoint\",\"urlTemplate\":\"https:\/\/hoelaatwordthetdonker.nl\/?s={search_term_string}\"},\"query-input\":\"required name=search_term_string\"}],\"inLanguage\":\"ro-RO\"}]}<\/script>\n<!-- \/ Yoast SEO plugin. -->","yoast_head_json":{"title":"Contact - hoelaatwordthetdonker.nl","robots":{"index":"index","follow":"follow","max-snippet":"max-snippet:-1","max-image-preview":"max-image-preview:large","max-video-preview":"max-video-preview:-1"},"canonical":"https:\/\/hoelaatwordthetdonker.nl\/ro\/contact\/","og_locale":"ro_RO","og_type":"article","og_title":"Contact - hoelaatwordthetdonker.nl","og_description":"Welkom bij HoelaatWordtHetDonker. Wij zijn er om jouw vragen te beantwoorden en je te ondersteunen. Heb je opmerkingen, suggesties of vragen over onze artikelen en producten? Aarzel niet om contact met ons op te nemen via de onderstaande contactgegevens. E-mail Stuur je vragen of suggesties per e-mail naar info@hoelaatwordthetdonker.nl. We streven ernaar om binnen \u00e9\u00e9n [&hellip;]","og_url":"https:\/\/hoelaatwordthetdonker.nl\/ro\/contact\/","og_site_name":"hoelaatwordthetdonker.nl","article_modified_time":"2025-01-31T13:44:04+00:00","twitter_card":"summary_large_image","twitter_misc":{"Timp estimat pentru citire":"1 minut"},"schema":{"@context":"https:\/\/schema.org","@graph":[{"@type":"WebPage","@id":"https:\/\/hoelaatwordthetdonker.nl\/contact\/","url":"https:\/\/hoelaatwordthetdonker.nl\/contact\/","name":"Contact - hoelaatwordthetdonker.nl","isPartOf":{"@id":"https:\/\/hoelaatwordthetdonker.nl\/#website"},"datePublished":"2025-01-31T13:44:02+00:00","dateModified":"2025-01-31T13:44:04+00:00","breadcrumb":{"@id":"https:\/\/hoelaatwordthetdonker.nl\/contact\/#breadcrumb"},"inLanguage":"ro-RO","potentialAction":[{"@type":"ReadAction","target":["https:\/\/hoelaatwordthetdonker.nl\/contact\/"]}]},{"@type":"BreadcrumbList","@id":"https:\/\/hoelaatwordthetdonker.nl\/contact\/#breadcrumb","itemListElement":[{"@type":"ListItem","position":1,"name":"Home","item":"https:\/\/hoelaatwordthetdonker.nl\/"},{"@type":"ListItem","position":2,"name":"Contact"}]},{"@type":"WebSite","@id":"https:\/\/hoelaatwordthetdonker.nl\/#website","url":"https:\/\/hoelaatwordthetdonker.nl\/","name":"hoelaatwordthetdonker.nl","description":"Ontdek trends, stijltips en kledingadvies voor elke gelegenheid","potentialAction":[{"@type":"SearchAction","target":{"@type":"EntryPoint","urlTemplate":"https:\/\/hoelaatwordthetdonker.nl\/?s={search_term_string}"},"query-input":"required name=search_term_string"}],"inLanguage":"ro-RO"}]}},"yoast_meta":{"yoast_wpseo_title":"","yoast_wpseo_metadesc":"","yoast_wpseo_canonical":"https:\/\/hoelaatwordthetdonker.nl\/ro\/wp-json\/wp\/v2\/pages\/51"},"_links":{"self":[{"href":"https:\/\/hoelaatwordthetdonker.nl\/ro\/wp-json\/wp\/v2\/pages\/51","targetHints":{"allow":["GET"]}}],"collection":[{"href":"https:\/\/hoelaatwordthetdonker.nl\/ro\/wp-json\/wp\/v2\/pages"}],"about":[{"href":"https:\/\/hoelaatwordthetdonker.nl\/ro\/wp-json\/wp\/v2\/types\/page"}],"author":[{"embeddable":true,"href":"https:\/\/hoelaatwordthetdonker.nl\/ro\/wp-json\/wp\/v2\/users\/1"}],"replies":[{"embeddable":true,"href":"https:\/\/hoelaatwordthetdonker.nl\/ro\/wp-json\/wp\/v2\/comments?post=51"}],"version-history":[{"count":1,"href":"https:\/\/hoelaatwordthetdonker.nl\/ro\/wp-json\/wp\/v2\/pages\/51\/revisions"}],"predecessor-version":[{"id":54,"href":"https:\/\/hoelaatwordthetdonker.nl\/ro\/wp-json\/wp\/v2\/pages\/51\/revisions\/54"}],"wp:attachment":[{"href":"https:\/\/hoelaatwordthetdonker.nl\/ro\/wp-json\/wp\/v2\/media?parent=51"}],"curies":[{"name":"wp","href":"https:\/\/api.w.org\/{rel}","templated":true}]}}